{"id":109,"date":"2022-01-01T16:20:08","date_gmt":"2022-01-01T13:20:08","guid":{"rendered":"https:\/\/korngold-society.org\/site\/?page_id=109"},"modified":"2022-01-15T15:51:55","modified_gmt":"2022-01-15T12:51:55","slug":"list-of-works","status":"publish","type":"page","link":"https:\/\/korngold-society.org\/site\/list-of-works\/","title":{"rendered":"List of works"},"content":{"rendered":"\n<p><strong>Solo Piano Works<\/strong><br>Sonate f\u00fcr Klavier Nr.1 (1908-1909)        <br>Don Quixote (1907-1909)        <br>Was der Wald erz\u00e4hlt    (1909)    <br>op. 2 Sonate f\u00fcr Klavier Nr.2 (1910)<br>op. 3 M\u00e4rchenbilder (1910)<br>Vier kleine fr\u00f6hliche Walzer (1912)<br>op. 8 Melodien aus &#8220;Violanta&#8221; (1914-1915) arr. F. Rebay<br>op. 11 Drei St\u00fccke aus &#8220;Viel L\u00e4rmen um Nichts&#8221; (1918-1919)<br>3 mvt suite<br>op. 12 Tanzlied des Pierrot aus &#8220;Die tote Stadt&#8221; (1916-1920)<br>op. 12 Gro\u00dfe Fantasie aus &#8220;Die tote Stadt&#8221; (1916-1920) arr. F. Rebay<br>op. 12 Schach Br\u00fcgge! (aus &#8220;Die tote Stadt) (1916-1920)<br>op. 19 Vier kleine Karikaturen f\u00fcr Kinder (1926)<br>op. 20 Zwischenspiel aus &#8220;Das Wunder der Heliane&#8221; (1923-26)<br>op. 21 Geschichten von Strauss (1927)<br>op. 25 Sonate f\u00fcr Klavier Nr.3 (1931)<br><\/p>\n\n\n\n<p><strong>Chamber Works<\/strong><br>op. 1 Trio (1909-1910) piano, violin and cello<br>op. 3 Wichtelm\u00e4nnchen aus &#8220;M\u00e4rchenbilder&#8221; (1910) violin and piano; arr. R. Rebay<br>op. 6 Sonate f\u00fcr Violine und Klavier (1912-1913) violin and piano<br>op. 10 Sextett (1914-1916) string sextet<br>op. 11 Vier St\u00fccke aus &#8220;Viel L\u00e4rmen um Nichts&#8221; (1918-1919) 4 mvt suite for violin &amp; piano<br>op. 11 Drei St\u00fccke aus &#8220;Viel L\u00e4rmen um Nichts&#8221; (1918-1919)<br>3 mvt suite for string quartet<br>op. 12 Mariettas Lied aus &#8220;Die tote Stadt&#8221; (1916-1920) violin and piano<br>op. 12 Tanzlied des Pierrot aus &#8220;Die tote Stadt&#8221; (1916-1920)<br>violin or cello, and piano<br>op. 15 Quintett (1921-1922) piano, 2 violins, viola and cello<br>op. 16 Streichquartett Nr.1 (1920-1923) string quartet<br>op. 20 Gesang der Heliane aus &#8220;Das Wunder der Heliane&#8221; (1923-26) violin and piano<br>op. 23 Suite (1930) 2 violins, cello, and piano (left hand)<br>op. 26 Streichquartett Nr.2 (1933) string quartet<br>op. 33 Streichquartett Nr.3 (1944-1945) string quartet<br>Romance-Impromptu (1946) cello and piano<br><\/p>\n\n\n\n<p><strong>Orchestral Works<\/strong><br>Vorspiel und Serenade aus &#8220;Der Schneemann&#8221;  (1908-1910) orchestration: Zemlinsky      <br>Entr&#8217;acte aus &#8220;Der Schneemann&#8221;  (1908-1910) orchestration: Zemlinsky     <br>op. 3 M\u00e4rchenbilder (1911)<br>(mvt 1 presumed lost)op. 4 Schauspiel-Ouvert\u00fcre (1911)<br>op. 5 Sinfonietta (1911-1912)<br>op. 8 Vorspiel und Karnevalmusik aus &#8220;Violanta&#8221; (1914-1915)<br>Milit\u00e4r-Marsch in B (1917)<br>T\u00e4nzchen im alten Stil (1917)<br>op. 11 Suite aus &#8220;Viel L\u00e4rm um Nichts&#8221; (1918-1920)<br>op. 12 Marietta&#8217;s Lied aus &#8220;Die tote Stadt&#8221; (1916-1920) violin and orchestra<br>op. 12 Tanzlied des Pierrot aus &#8220;Die tote Stadt&#8221; (1916-1920) violin or cello, and small orchestra<br>op. 13 Sursum Corda (1919)<br>op. 17 Klavierkonzert in Cis (1923)<br>op. 21 Geschichten von Strauss (1931)<br>op. 24 Baby-Serenade (1928-1929)<br>op. 35 Violinkonzert (1937-1939, rev 1945)<br>op. 37 Cello Concerto (1946)<br>op. 39 Sinfonische Serenade (1947-1948)<br>op. 40 Sinfonie in Fis (1947-1952)<br>op. 42 Theme and Variations (1953)<br>Straussiana (1953)<br><\/p>\n\n\n\n<p><strong>Lieder with piano<\/strong><br>Vespers (1911)<br>Eichendorff Lieder  (1911)<br>op. 9 (Sechs) Einfache Lieder (1911-1913)<br>Nachts (1913)<br>Gansleber im Haus Duschnitz (1919)<br>op. 7 Tagebuchszene der Laura, aus &#8220;Der Ring des Polykrates&#8221; (1913-1914) soprano<br>op. 11 Lied des Pagen Balthasar, aus &#8220;Viel L\u00e4rmen um Nichts&#8221; (1918-1920) soprano<br>op. 12 Mariettas Lied (1916-1920) middle or high voice<br>op. 11 Tanzlied des Pierrot (1916-1920) baritone<br>op. 14 (Vier) Lieder des Abschieds (1920-1921) alto<br>op. 18 Drei Ges\u00e4nge (1924) middle voice<br>op. 22 Drei Lieder (1928-1929) high voice<br>op. 27 Unverg\u00e4nglichkeit (1933) high voice<br>op. 29 Songs of the Clown (1937) high voice<br>op. 31 Vier Shakespeare-Lieder (1937-1941) high voice<br>op. 38 F\u00fcnf Lieder (1948) middle voice<br>op. 41 Sonett f\u00fcr Wien (1953) mezzo-soprano<br><\/p>\n\n\n\n<p><strong>Lieder with orchestra<\/strong><br>op. 9 Schneegl\u00f6ckchen (1911) soprano and orch.<br>op. 9 Nachtwanderer (1911) baritone and orch.<br>op. 9 Das St\u00e4ndchen (1911) soprano and orch.<br>op. 9 Liebesbriefchen (1913) soprano or baritone, and orch.<br>op. 9 Sommer (1916) soprano and orch.<br>op. 12 Mariettas Lied (1916-1920) soprano and orch.<br>op. 11 Tanzlied des Pierrot (1916-1920) baritone and orch.<br>op. 14 (Vier) Lieder des Abschieds (1920-1921) alto and orch.<br>op. 20 Ich ging zu ihm, aus &#8220;Das Wunder der Heliane&#8221; (1923-1926) soprano and orch.<br>op. 22 Drei Lieder (1928-1929) soprano and chamber ensemble; arr. A.N. Tarkmann (2011)<br><\/p>\n\n\n\n<p><strong>Works for Choir<\/strong>|<br>Der Sturm   (1913)      choir and orch.<br>op. 30 Passover Psalm (1941) soprano solo mixed choir &amp; orch.<br>op. 32 Prayer (1941) tenor solo female choir, harp &amp; organ<br>op. 33 Tomorrow (from the film &#8220;The Constant Nymph&#8221;) (1941-1942) mezzo-soprano female choir &amp; orch.<br><\/p>\n\n\n\n<p><strong>Stage Works<\/strong><br>Der Schneemann  (1909)  ballet-pantomime (in both piano and orchestral arrangements)<br>op. 7 Der Ring des Polykrates (1913-1914) one-act opera<br>op. 8 Violanta (1914-1915) one-act opera<br>op. 11 Viel L\u00e4rmen um Nichts (1918-1919) incidental music to Shakespeare&#8217;s play<br>op. 12 Die tote Stadt (1916-1920) three-act opera<br>Der Vampir (1923) incidental music for a drama chamber orch. and organ<br>op. 20 Das Wunder der Heliane (1923-1927) three-act opera<br>op. 28 Die Kathrin (1932-1937) three-act opera<br>op. 36 Die Stumme Serenade (1946-1950) two-act musical comedy<br><\/p>\n\n\n\n<p><strong>Operetta Arrangements<\/strong><br>Eine Nacht in Venedig (1923) Johann Strauss II<br>Cagliostro in Wien (1926-1927) Johann Strauss II<br>Rosen aus Florida (1928) Leo Fall<br>Die Fledermaus (1929) Johann Strauss II<br>Walzer aus Wien (1930) based on the life of Johann Strauss II<br>Die Sch\u00f6ne Helena (1931) Jacques Offenbach<br>Das Lied der Liebe (1931) Johann Strauss II<br>Die Geschiedene Frau (1932) Leo Fall<br>At Your Service (1939) arrangements of Rossini for the Max Reinhardt Workshop production of Goldoni&#8217;s &#8220;Servant with Two Masters&#8221;<br>Rosalinda (1942) US version of Korngold\/Reinhardt&#8217;s version of &#8220;Die Fledermaus&#8221; by Johann Strauss II<br>Helen Goes to Troy (1944) US version of Korngold\/Reinhardt&#8217;s version of &#8220;Die Sch\u00f6ne Helena&#8221; by Jacques Offenbach<br>The Great Waltz (1947) US version of &#8220;Walzer aus Wien&#8221;<br><\/p>\n\n\n\n<p><strong>Film Scores<\/strong><br><strong>Note<\/strong>: All films produced by Warner Bros. unless stated otherwise.<br>A Midsummer Night&#8217;s Dream (1934-1935) arrangements of Mendelssohn&#8217;s music<br>Rose of the Rancho (Paramount) (1935) two sequences only<br>Captain Blood (1935)<br>Give us this Night (Paramount) (1935-1936) in collaboration with lyricist Oscar Hammerstein II<br>Anthony Adverse (1936)<br>Hearts Divided (1936) one scene only<br>The Green Pastures (1936) two sequences only<br>Another Dawn (1936-1937)<br>The Prince and the Pauper (1937)<br>The Adventures of Robin Hood (1938)<br>Juarez (1938-1939)<br>The Private Lives of Elizabeth and Essex (1939)<br>The Sea Hawk (1940)<br>The Sea Wolf (1941)<br>Kings Row (1941)<br>The Constant Nymph (1942)<br>Devotion (1943)<br>Between Two Worlds (1944)<br>Of Human Bondage (1944-1945)<br>Escape Me Never (1946)<br>Deception (1946)<br>Magic Fire (Republic) (1954-1955) arrangements of Wagner&#8217;s music<\/p>\n","protected":false},"excerpt":{"rendered":"<p>Solo Piano WorksSonate f\u00fcr Klavier Nr.1 (1908-1909) Don Quixote (1907-1909) Was der Wald erz\u00e4hlt (1909) op. 2 Sonate f\u00fcr Klavier [&hellip;]<\/p>\n","protected":false},"author":1,"featured_media":0,"parent":0,"menu_order":0,"comment_status":"closed","ping_status":"closed","template":"","meta":{"footnotes":""},"class_list":["post-109","page","type-page","status-publish","hentry"],"_links":{"self":[{"href":"https:\/\/korngold-society.org\/site\/wp-json\/wp\/v2\/pages\/109","targetHints":{"allow":["GET"]}}],"collection":[{"href":"https:\/\/korngold-society.org\/site\/wp-json\/wp\/v2\/pages"}],"about":[{"href":"https:\/\/korngold-society.org\/site\/wp-json\/wp\/v2\/types\/page"}],"author":[{"embeddable":true,"href":"https:\/\/korngold-society.org\/site\/wp-json\/wp\/v2\/users\/1"}],"replies":[{"embeddable":true,"href":"https:\/\/korngold-society.org\/site\/wp-json\/wp\/v2\/comments?post=109"}],"version-history":[{"count":4,"href":"https:\/\/korngold-society.org\/site\/wp-json\/wp\/v2\/pages\/109\/revisions"}],"predecessor-version":[{"id":870,"href":"https:\/\/korngold-society.org\/site\/wp-json\/wp\/v2\/pages\/109\/revisions\/870"}],"wp:attachment":[{"href":"https:\/\/korngold-society.org\/site\/wp-json\/wp\/v2\/media?parent=109"}],"curies":[{"name":"wp","href":"https:\/\/api.w.org\/{rel}","templated":true}]}}